{"id":6,"date":"2026-04-25T00:19:08","date_gmt":"2026-04-24T22:19:08","guid":{"rendered":"https:\/\/melloa.fr\/?page_id=6"},"modified":"2026-04-27T15:19:03","modified_gmt":"2026-04-27T13:19:03","slug":"hello-theme-6","status":"publish","type":"page","link":"https:\/\/melloa.fr\/","title":{"rendered":"Hello Theme #6"},"content":{"rendered":"\t\t<div data-elementor-type=\"wp-page\" data-elementor-id=\"6\" class=\"elementor elementor-6\">\n\t\t\t\t<div class=\"elementor-element elementor-element-20293c5 e-flex e-con-boxed e-con e-parent\" data-id=\"20293c5\" data-element_type=\"container\" data-e-type=\"container\">\n\t\t\t\t\t<div class=\"e-con-inner\">\n\t\t\t\t<div class=\"elementor-element elementor-element-76df553 elementor-widget elementor-widget-heading\" data-id=\"76df553\" data-element_type=\"widget\" data-e-type=\"widget\" data-widget_type=\"heading.default\">\n\t\t\t\t\t<h2 class=\"elementor-heading-title elementor-size-default\">Cr\u00e9atrice de contenu professionnel &amp; \u00e9v\u00e8nementiel \u00b7 Strat\u00e9gie et coaching Instagram Metz - Brive<\/h2>\t\t\t\t<\/div>\n\t\t\t\t\t<\/div>\n\t\t\t\t<\/div>\n\t\t<div class=\"elementor-element elementor-element-4c3a4a0 e-flex e-con-boxed e-con e-parent\" data-id=\"4c3a4a0\" data-element_type=\"container\" data-e-type=\"container\">\n\t\t\t\t\t<div class=\"e-con-inner\">\n\t\t\t\t<div class=\"elementor-element elementor-element-a7afa5a elementor-absolute elementor-widget elementor-widget-heading\" data-id=\"a7afa5a\" data-element_type=\"widget\" data-e-type=\"widget\" data-settings=\"{&quot;_position&quot;:&quot;absolute&quot;}\" data-widget_type=\"heading.default\">\n\t\t\t\t\t<h2 class=\"elementor-heading-title elementor-size-default\">Cr\u00e9ons ensemble le contenu qui fera chavirer le c\u0153ur de tes clientes.<\/h2>\t\t\t\t<\/div>\n\t\t\t\t\t<\/div>\n\t\t\t\t<\/div>\n\t\t<div class=\"elementor-element elementor-element-b1b0256 e-flex e-con-boxed e-con e-parent\" data-id=\"b1b0256\" data-element_type=\"container\" data-e-type=\"container\">\n\t\t\t\t\t<div class=\"e-con-inner\">\n\t\t\t\t<div class=\"elementor-element elementor-element-d28212d elementor-widget-mobile__width-initial elementor-widget elementor-widget-heading\" data-id=\"d28212d\" data-element_type=\"widget\" data-e-type=\"widget\" data-widget_type=\"heading.default\">\n\t\t\t\t\t<h2 class=\"elementor-heading-title elementor-size-default\">Derri\u00e8re chaque projet se cache une histoire unique et une expertise qui m\u00e9rite d'\u00eatre vue. Je suis l\u00e0 pour r\u00e9v\u00e9ler ce qui te rend extraordinaire.<\/h2>\t\t\t\t<\/div>\n\t\t\t\t\t<\/div>\n\t\t\t\t<\/div>\n\t\t<div class=\"elementor-element elementor-element-889b6b8 e-flex e-con-boxed e-con e-parent\" data-id=\"889b6b8\" data-element_type=\"container\" data-e-type=\"container\">\n\t\t\t\t\t<div class=\"e-con-inner\">\n\t\t\t\t\t    \t            <a\n            href=\"https:\/\/melloa.fr\/contact\" target=\"_blank\"\n            class=\"e-4ff12f1-2208cfa e-button-base\"\n            data-interaction-id=\"4ff12f1\"\n             \n        >\n            Cr\u00e9ons ensemble\n        <\/a>\n    \t\t\t\t<div class=\"elementor-element elementor-element-82fbd6f elementor-widget elementor-widget-html\" data-id=\"82fbd6f\" data-element_type=\"widget\" data-e-type=\"widget\" data-widget_type=\"html.default\">\n\t\t\t\t\t<style>\r\n@import url('https:\/\/fonts.googleapis.com\/css2?family=Cormorant+Garamond:wght@300;400&display=swap');\r\n.marquee-container {\r\n  overflow: hidden;\r\n  white-space: nowrap;\r\n  padding: 25px 0;\r\n}\r\n.marquee-text {\r\n  display: inline-block;\r\n  animation: marquee 30s linear infinite;\r\n  color: #1A0F0A;\r\n  font-size: 16px;\r\n  letter-spacing: 5px;\r\n  font-weight: 300;\r\n  font-family: 'Cormorant Garamond', serif;\r\n  font-style: italic;\r\n}\r\n@keyframes marquee {\r\n  0% { transform: translateX(100vw); }\r\n  100% { transform: translateX(-100%); }\r\n}\r\n<\/style>\r\n<div class=\"marquee-container\">\r\n  <span class=\"marquee-text\">\u00b7 Cr\u00e9ation de contenu &nbsp;&nbsp;&nbsp; \u00b7 Shooting photo & vid\u00e9o &nbsp;&nbsp;&nbsp; \u00b7 Interview &nbsp;&nbsp;&nbsp; \u00b7 \u00c9v\u00e9nements &nbsp;&nbsp;&nbsp; \u00b7 Strat\u00e9gie Instagram &nbsp;&nbsp;&nbsp; \u00b7 Communication &nbsp;&nbsp;&nbsp; \u00b7 Cr\u00e9ation de contenu &nbsp;&nbsp;&nbsp; \u00b7 Shooting photo & vid\u00e9o &nbsp;&nbsp;&nbsp; \u00b7 Interview &nbsp;&nbsp;&nbsp; \u00b7 \u00c9v\u00e9nements &nbsp;&nbsp;&nbsp; \u00b7 Strat\u00e9gie Instagram &nbsp;&nbsp;&nbsp; \u00b7 Communication &nbsp;&nbsp;&nbsp;<\/span>\r\n<\/div>\t\t\t\t<\/div>\n\t\t\t\t\t<\/div>\n\t\t\t\t<\/div>\n\t\t<div class=\"elementor-element elementor-element-cf9fab2 e-flex e-con-boxed e-con e-parent\" data-id=\"cf9fab2\" data-element_type=\"container\" data-e-type=\"container\" data-settings=\"{&quot;background_background&quot;:&quot;classic&quot;}\">\n\t\t\t\t\t<div class=\"e-con-inner\">\n\t\t\t\t<div class=\"elementor-element elementor-element-ded4a74 elementor-absolute elementor-widget elementor-widget-heading\" data-id=\"ded4a74\" data-element_type=\"widget\" data-e-type=\"widget\" data-settings=\"{&quot;_position&quot;:&quot;absolute&quot;}\" data-widget_type=\"heading.default\">\n\t\t\t\t\t<h2 class=\"elementor-heading-title elementor-size-default\">\"<\/h2>\t\t\t\t<\/div>\n\t\t\t\t<div class=\"elementor-element elementor-element-7fb2179 elementor-widget elementor-widget-heading\" data-id=\"7fb2179\" data-element_type=\"widget\" data-e-type=\"widget\" data-widget_type=\"heading.default\">\n\t\t\t\t\t<h2 class=\"elementor-heading-title elementor-size-default\">\"Avant d'\u00eatre vue, il faut avoir d\u00e9cid\u00e9 de l'\u00eatre.\"<\/h2>\t\t\t\t<\/div>\n\t\t\t\t<div class=\"elementor-element elementor-element-7084574 elementor-widget elementor-widget-heading\" data-id=\"7084574\" data-element_type=\"widget\" data-e-type=\"widget\" data-widget_type=\"heading.default\">\n\t\t\t\t\t<h2 class=\"elementor-heading-title elementor-size-default\">M\u00e9lissa<\/h2>\t\t\t\t<\/div>\n\t\t\t\t\t<\/div>\n\t\t\t\t<\/div>\n\t\t<div class=\"elementor-element elementor-element-5d48c6b e-flex e-con-boxed e-con e-parent\" data-id=\"5d48c6b\" data-element_type=\"container\" data-e-type=\"container\" data-settings=\"{&quot;background_background&quot;:&quot;classic&quot;}\">\n\t\t\t\t\t<div class=\"e-con-inner\">\n\t\t<div class=\"elementor-element elementor-element-ad07f3e e-con-full e-flex e-con e-child\" data-id=\"ad07f3e\" data-element_type=\"container\" data-e-type=\"container\">\n\t\t\t\t\t\t\t\n\t\t<img class=\"e-image-base \" \n\t\t\t\t\tdata-interaction-id=\"8a164af\" \n\t\t \n\t\t \n\t\t\t\t\t\t\t\t\tid=\"53\"\n\t\t\t\t\t\t\t\t\t\t\t\tsrc=\"https:\/\/melloa.fr\/wp-content\/uploads\/2026\/04\/IMG_1200.jpg\"\n\t\t\t\t\t\t\t\t\t\t\t\twidth=\"896\"\n\t\t\t\t\t\t\t\t\t\t\t\theight=\"1193\"\n\t\t\t\t\t\t\t\t\t\t\t\tsrcset=\"https:\/\/melloa.fr\/wp-content\/uploads\/2026\/04\/IMG_1200.jpg 896w, https:\/\/melloa.fr\/wp-content\/uploads\/2026\/04\/IMG_1200-225x300.jpg 225w, https:\/\/melloa.fr\/wp-content\/uploads\/2026\/04\/IMG_1200-769x1024.jpg 769w, https:\/\/melloa.fr\/wp-content\/uploads\/2026\/04\/IMG_1200-768x1023.jpg 768w\"\n\t\t\t\t\t\t\t\t\t\t\t\talt=\"\"\n\t\t\t\t\t\t\/>\n\t\t\t\t\t<\/div>\n\t\t<div class=\"elementor-element elementor-element-c9c886f e-con-full e-flex e-con e-child\" data-id=\"c9c886f\" data-element_type=\"container\" data-e-type=\"container\">\n\t\t\t\t<div class=\"elementor-element elementor-element-66ad922 elementor-widget elementor-widget-heading\" data-id=\"66ad922\" data-element_type=\"widget\" data-e-type=\"widget\" data-widget_type=\"heading.default\">\n\t\t\t\t\t<h2 class=\"elementor-heading-title elementor-size-default\"><br>Melloa par M\u00e9lissa.<br><br><\/h2>\t\t\t\t<\/div>\n\t\t\t\t<div class=\"elementor-element elementor-element-0c71648 elementor-widget elementor-widget-heading\" data-id=\"0c71648\" data-element_type=\"widget\" data-e-type=\"widget\" data-widget_type=\"heading.default\">\n\t\t\t\t\t<h2 class=\"elementor-heading-title elementor-size-default\">Ajoutez votre titre ici<\/h2>\t\t\t\t<\/div>\n\t\t\t\t<\/div>\n\t\t\t\t\t<\/div>\n\t\t\t\t<\/div>\n\t\t<div class=\"elementor-element elementor-element-3880e70 e-flex e-con-boxed e-con e-parent\" data-id=\"3880e70\" data-element_type=\"container\" data-e-type=\"container\">\n\t\t\t\t\t<div class=\"e-con-inner\">\n\t\t\t\t\t<\/div>\n\t\t\t\t<\/div>\n\t\t<div class=\"elementor-element elementor-element-1e5611e e-flex e-con-boxed e-con e-parent\" data-id=\"1e5611e\" data-element_type=\"container\" data-e-type=\"container\">\n\t\t\t\t\t<div class=\"e-con-inner\">\n\t\t\t\t\t<\/div>\n\t\t\t\t<\/div>\n\t\t\t\t<\/div>\n\t\t","protected":false},"excerpt":{"rendered":"<p>Cr\u00e9atrice de contenu professionnel &amp; \u00e9v\u00e8nementiel \u00b7 Strat\u00e9gie et coaching Instagram Metz &#8211; Brive Cr\u00e9ons ensemble le contenu qui fera chavirer le c\u0153ur de tes clientes. Derri\u00e8re chaque projet se cache une histoire unique et une expertise qui m\u00e9rite d&rsquo;\u00eatre vue. Je suis l\u00e0 pour r\u00e9v\u00e9ler ce qui te rend extraordinaire. Cr\u00e9ons ensemble \u00b7 Cr\u00e9ation [&hellip;]<\/p>\n","protected":false},"author":1,"featured_media":0,"parent":0,"menu_order":0,"comment_status":"closed","ping_status":"closed","template":"","meta":{"footnotes":""},"class_list":["post-6","page","type-page","status-publish","hentry"],"yoast_head":"<!-- This site is optimized with the Yoast SEO plugin v27.4 - https:\/\/yoast.com\/product\/yoast-seo-wordpress\/ -->\n<title>Hello Theme #6 -<\/title>\n<meta name=\"robots\" content=\"index, follow, max-snippet:-1, max-image-preview:large, max-video-preview:-1\" \/>\n<link rel=\"canonical\" href=\"https:\/\/melloa.fr\/\" \/>\n<meta property=\"og:locale\" content=\"fr_FR\" \/>\n<meta property=\"og:type\" content=\"article\" \/>\n<meta property=\"og:title\" content=\"Hello Theme #6 -\" \/>\n<meta property=\"og:description\" content=\"Cr\u00e9atrice de contenu professionnel &amp; \u00e9v\u00e8nementiel \u00b7 Strat\u00e9gie et coaching Instagram Metz &#8211; Brive Cr\u00e9ons ensemble le contenu qui fera chavirer le c\u0153ur de tes clientes. Derri\u00e8re chaque projet se cache une histoire unique et une expertise qui m\u00e9rite d&rsquo;\u00eatre vue. Je suis l\u00e0 pour r\u00e9v\u00e9ler ce qui te rend extraordinaire. Cr\u00e9ons ensemble \u00b7 Cr\u00e9ation [&hellip;]\" \/>\n<meta property=\"og:url\" content=\"https:\/\/melloa.fr\/\" \/>\n<meta property=\"article:modified_time\" content=\"2026-04-27T13:19:03+00:00\" \/>\n<meta property=\"og:image\" content=\"https:\/\/melloa.fr\/wp-content\/uploads\/2026\/04\/IMG_1200.jpg\" \/>\n<meta name=\"twitter:card\" content=\"summary_large_image\" \/>\n<meta name=\"twitter:label1\" content=\"Dur\u00e9e de lecture estim\u00e9e\" \/>\n\t<meta name=\"twitter:data1\" content=\"1 minute\" \/>\n<script type=\"application\/ld+json\" class=\"yoast-schema-graph\">{\"@context\":\"https:\\\/\\\/schema.org\",\"@graph\":[{\"@type\":\"WebPage\",\"@id\":\"https:\\\/\\\/melloa.fr\\\/\",\"url\":\"https:\\\/\\\/melloa.fr\\\/\",\"name\":\"Hello Theme #6 -\",\"isPartOf\":{\"@id\":\"https:\\\/\\\/melloa.fr\\\/#website\"},\"primaryImageOfPage\":{\"@id\":\"https:\\\/\\\/melloa.fr\\\/#primaryimage\"},\"image\":{\"@id\":\"https:\\\/\\\/melloa.fr\\\/#primaryimage\"},\"thumbnailUrl\":\"https:\\\/\\\/melloa.fr\\\/wp-content\\\/uploads\\\/2026\\\/04\\\/IMG_1200.jpg\",\"datePublished\":\"2026-04-24T22:19:08+00:00\",\"dateModified\":\"2026-04-27T13:19:03+00:00\",\"breadcrumb\":{\"@id\":\"https:\\\/\\\/melloa.fr\\\/#breadcrumb\"},\"inLanguage\":\"fr-FR\",\"potentialAction\":[{\"@type\":\"ReadAction\",\"target\":[\"https:\\\/\\\/melloa.fr\\\/\"]}]},{\"@type\":\"ImageObject\",\"inLanguage\":\"fr-FR\",\"@id\":\"https:\\\/\\\/melloa.fr\\\/#primaryimage\",\"url\":\"https:\\\/\\\/melloa.fr\\\/wp-content\\\/uploads\\\/2026\\\/04\\\/IMG_1200.jpg\",\"contentUrl\":\"https:\\\/\\\/melloa.fr\\\/wp-content\\\/uploads\\\/2026\\\/04\\\/IMG_1200.jpg\",\"width\":896,\"height\":1193},{\"@type\":\"BreadcrumbList\",\"@id\":\"https:\\\/\\\/melloa.fr\\\/#breadcrumb\",\"itemListElement\":[{\"@type\":\"ListItem\",\"position\":1,\"name\":\"Home\",\"item\":\"https:\\\/\\\/melloa.fr\\\/\"},{\"@type\":\"ListItem\",\"position\":2,\"name\":\"Hello Theme #6\"}]},{\"@type\":\"WebSite\",\"@id\":\"https:\\\/\\\/melloa.fr\\\/#website\",\"url\":\"https:\\\/\\\/melloa.fr\\\/\",\"name\":\"\",\"description\":\"\",\"potentialAction\":[{\"@type\":\"SearchAction\",\"target\":{\"@type\":\"EntryPoint\",\"urlTemplate\":\"https:\\\/\\\/melloa.fr\\\/?s={search_term_string}\"},\"query-input\":{\"@type\":\"PropertyValueSpecification\",\"valueRequired\":true,\"valueName\":\"search_term_string\"}}],\"inLanguage\":\"fr-FR\"}]}<\/script>\n<!-- \/ Yoast SEO plugin. -->","yoast_head_json":{"title":"Hello Theme #6 -","robots":{"index":"index","follow":"follow","max-snippet":"max-snippet:-1","max-image-preview":"max-image-preview:large","max-video-preview":"max-video-preview:-1"},"canonical":"https:\/\/melloa.fr\/","og_locale":"fr_FR","og_type":"article","og_title":"Hello Theme #6 -","og_description":"Cr\u00e9atrice de contenu professionnel &amp; \u00e9v\u00e8nementiel \u00b7 Strat\u00e9gie et coaching Instagram Metz &#8211; Brive Cr\u00e9ons ensemble le contenu qui fera chavirer le c\u0153ur de tes clientes. Derri\u00e8re chaque projet se cache une histoire unique et une expertise qui m\u00e9rite d&rsquo;\u00eatre vue. Je suis l\u00e0 pour r\u00e9v\u00e9ler ce qui te rend extraordinaire. Cr\u00e9ons ensemble \u00b7 Cr\u00e9ation [&hellip;]","og_url":"https:\/\/melloa.fr\/","article_modified_time":"2026-04-27T13:19:03+00:00","og_image":[{"url":"https:\/\/melloa.fr\/wp-content\/uploads\/2026\/04\/IMG_1200.jpg","type":"","width":"","height":""}],"twitter_card":"summary_large_image","twitter_misc":{"Dur\u00e9e de lecture estim\u00e9e":"1 minute"},"schema":{"@context":"https:\/\/schema.org","@graph":[{"@type":"WebPage","@id":"https:\/\/melloa.fr\/","url":"https:\/\/melloa.fr\/","name":"Hello Theme #6 -","isPartOf":{"@id":"https:\/\/melloa.fr\/#website"},"primaryImageOfPage":{"@id":"https:\/\/melloa.fr\/#primaryimage"},"image":{"@id":"https:\/\/melloa.fr\/#primaryimage"},"thumbnailUrl":"https:\/\/melloa.fr\/wp-content\/uploads\/2026\/04\/IMG_1200.jpg","datePublished":"2026-04-24T22:19:08+00:00","dateModified":"2026-04-27T13:19:03+00:00","breadcrumb":{"@id":"https:\/\/melloa.fr\/#breadcrumb"},"inLanguage":"fr-FR","potentialAction":[{"@type":"ReadAction","target":["https:\/\/melloa.fr\/"]}]},{"@type":"ImageObject","inLanguage":"fr-FR","@id":"https:\/\/melloa.fr\/#primaryimage","url":"https:\/\/melloa.fr\/wp-content\/uploads\/2026\/04\/IMG_1200.jpg","contentUrl":"https:\/\/melloa.fr\/wp-content\/uploads\/2026\/04\/IMG_1200.jpg","width":896,"height":1193},{"@type":"BreadcrumbList","@id":"https:\/\/melloa.fr\/#breadcrumb","itemListElement":[{"@type":"ListItem","position":1,"name":"Home","item":"https:\/\/melloa.fr\/"},{"@type":"ListItem","position":2,"name":"Hello Theme #6"}]},{"@type":"WebSite","@id":"https:\/\/melloa.fr\/#website","url":"https:\/\/melloa.fr\/","name":"","description":"","potentialAction":[{"@type":"SearchAction","target":{"@type":"EntryPoint","urlTemplate":"https:\/\/melloa.fr\/?s={search_term_string}"},"query-input":{"@type":"PropertyValueSpecification","valueRequired":true,"valueName":"search_term_string"}}],"inLanguage":"fr-FR"}]}},"_links":{"self":[{"href":"https:\/\/melloa.fr\/index.php?rest_route=\/wp\/v2\/pages\/6","targetHints":{"allow":["GET"]}}],"collection":[{"href":"https:\/\/melloa.fr\/index.php?rest_route=\/wp\/v2\/pages"}],"about":[{"href":"https:\/\/melloa.fr\/index.php?rest_route=\/wp\/v2\/types\/page"}],"author":[{"embeddable":true,"href":"https:\/\/melloa.fr\/index.php?rest_route=\/wp\/v2\/users\/1"}],"replies":[{"embeddable":true,"href":"https:\/\/melloa.fr\/index.php?rest_route=%2Fwp%2Fv2%2Fcomments&post=6"}],"version-history":[{"count":47,"href":"https:\/\/melloa.fr\/index.php?rest_route=\/wp\/v2\/pages\/6\/revisions"}],"predecessor-version":[{"id":97,"href":"https:\/\/melloa.fr\/index.php?rest_route=\/wp\/v2\/pages\/6\/revisions\/97"}],"wp:attachment":[{"href":"https:\/\/melloa.fr\/index.php?rest_route=%2Fwp%2Fv2%2Fmedia&parent=6"}],"curies":[{"name":"wp","href":"https:\/\/api.w.org\/{rel}","templated":true}]}}